{"id":3,"date":"2022-12-09T19:43:00","date_gmt":"2022-12-09T19:43:00","guid":{"rendered":"https:\/\/www.elgoss.de\/?page_id=3"},"modified":"2025-05-07T08:56:59","modified_gmt":"2025-05-07T07:56:59","slug":"privacy-policy","status":"publish","type":"page","link":"https:\/\/www.elgoss.de\/index.php\/privacy-policy\/","title":{"rendered":"Impressum und Datenschutzerkl\u00e4rung"},"content":{"rendered":"\n<p>Mit diesem Impressum und der Datenschutzerkl\u00e4rung informieren wir Sie \u00fcber den Betreiber der Website und den Umfang der Verarbeitung Ihrer personenbezogenen Daten (nachfolgend \u201eDaten\u201c) im Rahmen der Nutzung von <a href=\"https:\/\/www.elgoss.de\">https:\/\/www.elgoss.de<\/a><\/p>\n\n\n\n<h2 class=\"wp-block-heading\">1. Verantwortlich f\u00fcr die Datenverarbeitung<\/h2>\n\n\n\n<p>Anbieter und Betreiber der Website i und verantwortlich f\u00fcr die Datenverarbeitung nach den Vorschriften der Datenschutzgrundverordnung (DSGVO) ist:<\/p>\n\n\n\n<p>Elgoss Private Limited<br>Todarpur, Rajatalab, Varanasi<br>Uttar Pradesh -221311<br>Indien<\/p>\n\n\n\n<p>CEO: Amresh Singh<\/p>\n\n\n\n<p>Registriert beim Ministry of Corporate Affairs(MCA)<\/p>\n\n\n\n<h2 class=\"wp-block-heading\">2. Datenverarbeitung<\/h2>\n\n\n\n<p>Die im Einzelnen betroffenen Daten, Verarbeitungszwecke, Rechtsgrundlagen, Empf\u00e4nger und \u00dcbermittlungen in Drittstaaten sind in der nachfolgenden Aufstellung aufgef\u00fchrt:<\/p>\n\n\n\n<h3 class=\"wp-block-heading\">2.1 Logdatei beim Webseitenbesuch<\/h3>\n\n\n\n<p>Wir protokollieren Ihren Webseitenbesuch. Dabei verarbeiten wir:<\/p>\n\n\n\n<ul class=\"wp-block-list\">\n<li>Name(n) unserer abgerufenen Webseite(n)<\/li>\n\n\n\n<li>Datum und Uhrzeit des Abrufs,<\/li>\n\n\n\n<li>die \u00fcbertragene Datenmenge,<\/li>\n\n\n\n<li>den Browsertyp nebst Version,<\/li>\n\n\n\n<li>das von Ihnen genutzte Betriebssystem,<\/li>\n\n\n\n<li>die Referrer-URL (die zuvor besuchte Webseite),<\/li>\n\n\n\n<li>Ihre IP-Adresse,<\/li>\n\n\n\n<li>den anfragenden Provider.<\/li>\n\n\n\n<li><\/li>\n<\/ul>\n\n\n\n<p>Rechtsgrundlage der Datenverarbeitung sind unsere berechtigten Interessen gem\u00e4\u00df Art. 6 Abs. 1 f) DSGVO, zur Gew\u00e4hrleistung der Sicherheit und der Sicherstellung der fortlaufenden Bereitstellung der Webseite.<\/p>\n\n\n\n<p>Die Logdatei wird nach sieben Tagen gel\u00f6scht, es sei denn, dass diese zur Aufkl\u00e4rung oder zum Nachweis konkreter Rechtsverletzungen, die innerhalb der Aufbewahrungsfrist bekannt geworden sind, ben\u00f6tigt wird.<\/p>\n\n\n\n<h3 class=\"wp-block-heading\">2.2 Hosting<\/h3>\n\n\n\n<p>Zur Bereitstellung unseres Onlineauftritts nutzen wir Dienste von Webhosting-Anbietern, denen wir die oben genannten Daten (Logdatei beim Webseitenbesuch) und s\u00e4mtliche im Zusammenhang mit dem Betrieb dieser Website zu verarbeitenden Daten in unserem Auftrag verarbeiten.<\/p>\n\n\n\n<p>Rechtsgrundlage der Datenverarbeitung ist unser berechtigtes Interesse gem\u00e4\u00df Art. 6 Abs. 1 f) DSGVO, damit unsere Webseite \u00fcberhaupt zur Verf\u00fcgung gestellt werden kann.<\/p>\n\n\n\n<h3 class=\"wp-block-heading\">2.3 Kontaktaufnahme<\/h3>\n\n\n\n<p>Nehmen Sie Kontakt mit uns auf, verarbeiten wir Ihre Daten: Name, Kontaktdaten, sofern von Ihnen angegeben und Ihre Nachricht, allein zum Zwecke der Bearbeitung und Abwicklung Ihrer Anfrage.<\/p>\n\n\n\n<p>Die Rechtsgrundlage der Datenverarbeitung besteht in der Erf\u00fcllung der Leistungen um Rahmen des Angebots \u00fcber gem\u00e4\u00df Art. 6 Abs. 1 b) DSGVO und\/oder unser berechtigtes Interesse gem\u00e4\u00df Art. 6 Abs. 1 f) DSGVO zur Abwicklung Ihrer Anfrage.<\/p>\n\n\n\n<h3 class=\"wp-block-heading\">2.4 Premium Content<\/h3>\n\n\n\n<p>Auf unserer Webseite stellen wir Ihnen Informationsmaterial, z.B. in Form eines Whitepapers zur Verf\u00fcgung. Dies erfolgt per Download.<\/p>\n\n\n\n<p>Die Daten werden in diesem Fall zum Direktmarketing genutzt. Die Datenweitergabe erfolgt in diesem Fall auf der Grundlage Ihrer Einwilligung gem\u00e4\u00df Art. 6 Abs. 1 a) DSGVO verarbeitet.<\/p>\n\n\n\n<h3 class=\"wp-block-heading\">2.5 Cookies<\/h3>\n\n\n\n<p>Auf unserer Webseite nutzen wir sog. Cookies. Dies sind kleine Textdateien, die auf Ihrem jeweiligen Endger\u00e4t (PC, Smartphone, Tablet, etc.) abgelegt und die von Ihrem Browser gespeichert werden.<\/p>\n\n\n\n<p>Wie setzen technisch erforderliche Cookies ein, um die optimale Funktionalit\u00e4t unseres Webangebots zu erm\u00f6glichen, insbesondere auf der Webseite zu navigieren und die Basisfunktionen der Webseite anzubieten.<\/p>\n\n\n\n<p>Die eingesetzten Cookies verbleiben f\u00fcr unterschiedlich lange Zeitr\u00e4ume auf Ihrem Endger\u00e4t:<\/p>\n\n\n\n<p>Sitzungs-Cookies: Diese Cookies werden unmittelbar nach dem Schlie\u00dfen Ihres Internet-Browsers von Ihrem Endger\u00e4t gel\u00f6scht.<\/p>\n\n\n\n<p>Dauerhafte- Cookies: Cookies verbleiben auch nach dem Schlie\u00dfen Ihres Webbrowsers auf Ihrem Endger\u00e4t und erm\u00f6glichen z.B. das Wiedererkennen bei Ihrem n\u00e4chsten Besuch auf unserer Webseite.<\/p>\n\n\n\n<p>Die Rechtsgrundlage der Datenverarbeitung ist gem. Art. 1 Abs. 1 f) DSGVO unser \u00fcberwiegendes berechtigtes Interesse an der ordnungsgem\u00e4\u00dfen Bereitstellung des Dienstes.<\/p>\n\n\n\n<h2 class=\"wp-block-heading\" id=\"h-5-ihre-betroffenenrechte\">3. Ihre Betroffenenrechte<\/h2>\n\n\n\n<h3 class=\"wp-block-heading\" id=\"h-a-auskunft\">3.1 Auskunft<\/h3>\n\n\n\n<p>Auf Wunsch erhalten Sie jederzeit unentgeltlich Auskunft \u00fcber alle personenbezogenen Daten, die wir \u00fcber Sie gespeichert haben.<\/p>\n\n\n\n<h3 class=\"wp-block-heading\" id=\"h-b-berichtigung-l-schung-einschr-nkung-der-verarbeitung-sperrung-widerspruch\">3.2 Berichtigung, L\u00f6schung, Einschr\u00e4nkung der Verarbeitung (Sperrung), Widerspruch<\/h3>\n\n\n\n<p>Sollten Sie mit der Speicherung Ihrer personenbezogenen Daten nicht mehr einverstanden oder sollten diese unrichtig geworden sein, werden wir auf eine entsprechende Weisung hin die L\u00f6schung oder Sperrung Ihrer Daten veranlassen oder die notwendigen Korrekturen vornehmen (soweit dies nach dem geltenden Recht m\u00f6glich ist). Gleiches gilt, sofern wir Daten k\u00fcnftig nur noch einschr\u00e4nkend verarbeiten sollen. Ein Widerspruchsrecht steht Ihnen insbesondere in den F\u00e4llen zu, in denen Ihre Daten aufgrund der Wahrnehmung einer Aufgabe erforderlich sind, die im \u00f6ffentlichen Interesse liegt oder unseres berechtigten Interesses erfolgt, sowie darauf gest\u00fctzten Profilings. Ebenso steht Ihnen im Falle der Datenverarbeitung zum Zwecke von Direktwerbung ein solches Widerspruchsrecht zu.<\/p>\n\n\n\n<h3 class=\"wp-block-heading\" id=\"h-c-daten-bertragbarkeit\">3.3 Daten\u00fcbertragbarkeit<\/h3>\n\n\n\n<p>Erfolgt die Datenverarbeitung auf Grund eines Vertrages, vorvertraglicher Verhandlungen, einer Einwilligung oder mithilfe automatisierter Verfahren, so steht Ihnen das Recht auf Daten\u00fcbertragbarkeit zu. Auf Antrag stellen wir Ihnen Ihre Daten in einem g\u00e4ngigen, strukturierten und maschinenlesbaren Format bereit, so dass Sie die Daten auf Wunsch einem anderen Verantwortlichen \u00fcbermitteln k\u00f6nnen.<\/p>\n\n\n\n<h3 class=\"wp-block-heading\" id=\"h-d-widerrufsrecht-bei-einwilligungen-mit-wirkung-f-r-die-zukunft\">3.4 Widerrufsrecht bei Einwilligungen mit Wirkung f\u00fcr die Zukunft<\/h3>\n\n\n\n<p>Erteilte Einwilligungen k\u00f6nnen Sie mit Wirkung f\u00fcr die Zukunft jederzeit widerrufen. Durch Ihren Widerruf wird die Rechtm\u00e4\u00dfigkeit der Verarbeitung bis zum Zeitpunkt des Widerrufs nicht ber\u00fchrt.<\/p>\n\n\n\n<h3 class=\"wp-block-heading\" id=\"h-e-aus-bung-ihrer-betroffenenrechte-und-beschwerderecht\">3.5 Aus\u00fcbung Ihrer Betroffenenrechte und Beschwerderecht<\/h3>\n\n\n\n<p>Bei Fragen zur Verarbeitung Ihrer personenbezogenen Daten, bei Ausk\u00fcnften, Berichtigung, Sperrung, Widerspruch oder L\u00f6schung von Daten oder dem Wunsch der \u00dcbertragung der Daten an ein anderes Unternehmen, wenden Sie sich bitte an\u00a0<a href=\"mailto:deutschland@elgoss.de\">deutschland@elgoss.de<\/a>.<\/p>\n\n\n\n<p>Sie haben zudem die M\u00f6glichkeit, sich wegen Ihrer Betroffenenrechte bei einer Aufsichtsbeh\u00f6rde zu beschweren.<\/p>\n\n\n\n<h3 class=\"wp-block-heading\" id=\"h-f-beschr-nkungen\">3.6 Beschr\u00e4nkungen<\/h3>\n\n\n\n<p>Daten, bei denen wir nicht in der Lage sind die betroffene Person zu identifizieren, bspw. wenn diese zu Analysezwecken anonymisiert wurden, sind nicht von den vorstehenden Rechten umfasst. Auskunft, L\u00f6schung, Sperrung, Korrektur oder \u00dcbertragung an ein anderes Unternehmen sind in Bezug auf diese Daten ggf. m\u00f6glich, wenn Sie uns zus\u00e4tzliche Informationen, die uns eine Identifizierung erlauben, bereitstellen.<\/p>\n","protected":false},"excerpt":{"rendered":"<p>Mit diesem Impressum und der Datenschutzerkl\u00e4rung informieren wir Sie \u00fcber den Betreiber der Website und den Umfang der Verarbeitung Ihrer personenbezogenen Daten (nachfolgend \u201eDaten\u201c) im Rahmen der Nutzung von https:\/\/www.elgoss.de 1. Verantwortlich f\u00fcr die Datenverarbeitung Anbieter und Betreiber der Website i und verantwortlich f\u00fcr die Datenverarbeitung nach den Vorschriften der Datenschutzgrundverordnung (DSGVO) ist: Elgoss Private &hellip;<\/p>\n<p class=\"read-more\"> <a class=\"\" href=\"https:\/\/www.elgoss.de\/index.php\/privacy-policy\/\"> <span class=\"screen-reader-text\">Impressum und Datenschutzerkl\u00e4rung<\/span> Read More &raquo;<\/a><\/p>\n","protected":false},"author":1,"featured_media":0,"parent":0,"menu_order":0,"comment_status":"closed","ping_status":"open","template":"","meta":{"site-sidebar-layout":"default","site-content-layout":"","ast-site-content-layout":"default","site-content-style":"default","site-sidebar-style":"default","ast-global-header-display":"","ast-banner-title-visibility":"","ast-main-header-display":"","ast-hfb-above-header-display":"","ast-hfb-below-header-display":"","ast-hfb-mobile-header-display":"","site-post-title":"","ast-breadcrumbs-content":"","ast-featured-img":"","footer-sml-layout":"","theme-transparent-header-meta":"","adv-header-id-meta":"","stick-header-meta":"","header-above-stick-meta":"","header-main-stick-meta":"","header-below-stick-meta":"","astra-migrate-meta-layouts":"set","footnotes":""},"class_list":["post-3","page","type-page","status-publish","hentry"],"_links":{"self":[{"href":"https:\/\/www.elgoss.de\/index.php\/wp-json\/wp\/v2\/pages\/3","targetHints":{"allow":["GET"]}}],"collection":[{"href":"https:\/\/www.elgoss.de\/index.php\/wp-json\/wp\/v2\/pages"}],"about":[{"href":"https:\/\/www.elgoss.de\/index.php\/wp-json\/wp\/v2\/types\/page"}],"author":[{"embeddable":true,"href":"https:\/\/www.elgoss.de\/index.php\/wp-json\/wp\/v2\/users\/1"}],"replies":[{"embeddable":true,"href":"https:\/\/www.elgoss.de\/index.php\/wp-json\/wp\/v2\/comments?post=3"}],"version-history":[{"count":4,"href":"https:\/\/www.elgoss.de\/index.php\/wp-json\/wp\/v2\/pages\/3\/revisions"}],"predecessor-version":[{"id":1510,"href":"https:\/\/www.elgoss.de\/index.php\/wp-json\/wp\/v2\/pages\/3\/revisions\/1510"}],"wp:attachment":[{"href":"https:\/\/www.elgoss.de\/index.php\/wp-json\/wp\/v2\/media?parent=3"}],"curies":[{"name":"wp","href":"https:\/\/api.w.org\/{rel}","templated":true}]}}